{"id":38,"date":"2009-01-19T14:06:31","date_gmt":"2009-01-19T13:06:31","guid":{"rendered":"http:\/\/www.grenzsteintrophy.de\/?page_id=38"},"modified":"2016-11-23T18:57:43","modified_gmt":"2016-11-23T16:57:43","slug":"lobbymeter","status":"publish","type":"page","link":"https:\/\/overnighter.de\/en\/lobbymeter\/","title":{"rendered":"Lobbymeter"},"content":{"rendered":"<p>overnighter.de entstand nicht aus dem Nichts und steht auch jetzt in Kontexten\/Zusammenh\u00e4ngen. Das sollte transparent sein. Daf\u00fcr gibt es das Lobbymeter. Das hat sich overnighter.de beim <a title=\"fahrstil\" href=\"http:\/\/www.fahrstil-magazin.de\" target=\"_blank\">fahrstil<\/a> Magazin abgeschaut*. In der ersten Ausgabe des Magazins mit dem Titel &#8220;<a title=\"fahrstil handmade\" href=\"http:\/\/www.fahrstil-magazin.de\/Shop\/Magazin\/fahrstil-no-1-handmade.html\" target=\"_blank\">handmade<\/a>&#8221; wird das Lobbymeter wie folgt vorgestellt:<\/p>\n<p style=\"padding-left: 30px;\">&#8220;Der eine oder andere Name aus dem fahrstil-Team [also hier der overnighter-Autor] taucht auch an anderer Stelle in der Fahrradwelt auf. Daraus resultiert Wissen, reichlich Erfahrung, manche Freundschaft und auch Abh\u00e4ngigkeit. So genau l\u00e4sst sich das nicht immer abgrenzen. Doch fahrstil\u00a0[also hier der overnighter] m\u00f6chte Transparenz. Daf\u00fcr gibt es das Lobbymeter: Es weist am Ende jedes Artikels Hintergr\u00fcnde auf, die f\u00fcr sein Verst\u00e4ndnis irrelevant sein m\u00f6gen, nicht aber f\u00fcr seine Entstehung oder Verortung: simmer doch ma ehrlich!<a href=\"http:\/\/overnighter.wp.velocontent.de\/freiwillige-helfer\/overnighter_lobbymeter_25\/\" rel=\"attachment wp-att-6332\"><img decoding=\"async\" class=\"alignnone size-medium wp-image-6332\" alt=\"overnighter_lobbymeter_25\" src=\"http:\/\/overnighter.wp.velocontent.de\/files\/2013\/02\/overnighter_lobbymeter_25-300x102.jpg\" width=\"300\" height=\"102\" srcset=\"https:\/\/overnighter.de\/wp-content\/blogs.dir\/6\/files\/2013\/02\/overnighter_lobbymeter_25-300x102.jpg 300w, https:\/\/overnighter.de\/wp-content\/blogs.dir\/6\/files\/2013\/02\/overnighter_lobbymeter_25-550x187.jpg 550w, https:\/\/overnighter.de\/wp-content\/blogs.dir\/6\/files\/2013\/02\/overnighter_lobbymeter_25.jpg 581w\" sizes=\"(max-width: 300px) 100vw, 300px\" \/><\/a><\/p>\n<p style=\"padding-left: 30px;\">Das Lobbymeter wird passenderweise mit Schnapsgl\u00e4sern dargestellt, denn <em>einen<\/em> kann man mit jedem heben &#8211; sp\u00e4testens beim f\u00fcnften wird es gef\u00e4hrlich.&#8221;<\/p>\n<p>Wir bei overnighter benutzen das Lobbymeter wann immer wir meinen, dass diese Transparenz einem Beitrag gut st\u00fcnde, das d\u00fcrfte besonders h\u00e4ufig in der Kategorie &#8220;ausprobiert&#8221; in der Fall sein. Das geschieht allerdings nicht r\u00fcckwirkend, wer also in den alten Beitr\u00e4gen st\u00f6bert, der wundere sich nicht, dass das Lobbymeter fehlt.<\/p>\n<p>PS: Die Lobbymeter-Gl\u00e4ser haben die Grafiker von <a title=\"echtwei\u00df\" href=\"http:\/\/www.echtweiss.de\" target=\"_blank\">echtwei\u00df<\/a>, die auch fahrstil machen, entworfen. Ich freue mich, \u00fcber die Genehmigung, diese hier nutzen zu d\u00fcrfen. Dank daf\u00fcr!<\/p>\n<p>*= fangen wir also mit der Transparenz an: Ich bin einer der Initiatoren des Magazins, fungiere als Herausgeber und habe Lobbymeter seiner Zeit erfunden, um die Abgrenzung zum meinem Hauptjob als Gesch\u00e4ftsf\u00fchrer des <a title=\"pressedienst-fahrrad\" href=\"http:\/\/www.pd-f.de\" target=\"_blank\">pressedienst-fahrrad.de<\/a>\u00a0sicherzustellen.<\/p>","protected":false},"excerpt":{"rendered":"<p>overnighter.de entstand nicht aus dem Nichts und steht auch jetzt in Kontexten\/Zusammenh\u00e4ngen. Das sollte transparent sein. Daf\u00fcr gibt es das Lobbymeter. Das hat sich overnighter.de beim fahrstil Magazin abgeschaut*. In der ersten Ausgabe des Magazins&#8230; <\/p>\n<p class=\"more\"><a class=\"more-link\" href=\"https:\/\/overnighter.de\/en\/lobbymeter\/\">Read More<\/a><\/p>\n","protected":false},"author":36,"featured_media":6332,"parent":0,"menu_order":0,"comment_status":"open","ping_status":"open","template":"","meta":{"jetpack_post_was_ever_published":false,"footnotes":""},"class_list":["post-38","page","type-page","status-publish","has-post-thumbnail","hentry"],"jetpack_shortlink":"https:\/\/wp.me\/P8ejB5-C","jetpack_sharing_enabled":true,"_links":{"self":[{"href":"https:\/\/overnighter.de\/en\/wp-json\/wp\/v2\/pages\/38","targetHints":{"allow":["GET"]}}],"collection":[{"href":"https:\/\/overnighter.de\/en\/wp-json\/wp\/v2\/pages"}],"about":[{"href":"https:\/\/overnighter.de\/en\/wp-json\/wp\/v2\/types\/page"}],"author":[{"embeddable":true,"href":"https:\/\/overnighter.de\/en\/wp-json\/wp\/v2\/users\/36"}],"replies":[{"embeddable":true,"href":"https:\/\/overnighter.de\/en\/wp-json\/wp\/v2\/comments?post=38"}],"version-history":[{"count":4,"href":"https:\/\/overnighter.de\/en\/wp-json\/wp\/v2\/pages\/38\/revisions"}],"predecessor-version":[{"id":10897,"href":"https:\/\/overnighter.de\/en\/wp-json\/wp\/v2\/pages\/38\/revisions\/10897"}],"wp:featuredmedia":[{"embeddable":true,"href":"https:\/\/overnighter.de\/en\/wp-json\/wp\/v2\/media\/6332"}],"wp:attachment":[{"href":"https:\/\/overnighter.de\/en\/wp-json\/wp\/v2\/media?parent=38"}],"curies":[{"name":"wp","href":"https:\/\/api.w.org\/{rel}","templated":true}]}}