{"id":103,"date":"2009-02-11T11:05:08","date_gmt":"2009-02-11T10:05:08","guid":{"rendered":"http:\/\/www.grenzsteintrophy.de\/?page_id=103"},"modified":"2023-10-26T14:19:50","modified_gmt":"2023-10-26T12:19:50","slug":"impressum","status":"publish","type":"page","link":"https:\/\/overnighter.de\/en\/impressum\/","title":{"rendered":"Impressum"},"content":{"rendered":"<p>&nbsp;<\/p>\n<p><strong>Verantwortlich f\u00fcr Text und Inhalt (sofern nicht anders angegeben):<\/strong><\/p>\n<p>Gunnar Fehlau<br \/>\nOrtelsburger Str. 7<br \/>\n37083 G\u00f6ttingen<br \/>\nGermany<\/p>\n<p>t: +49-(0)171\/41 55 33 1<br \/>\ne: <a href=\"javascript:DeCryptX('0g2h1A3r0v3h1s1o2k1h2j1u1f0r0.0d1f')\">gf [at] overnighter [dot] de<\/a><br \/>\nw: www.overnighter.de<\/p>\n<p><strong>Verantwortlicher im Sinne des \u00a755 Abs. 2 RStV:<\/strong><\/p>\n<p>Gunnar Fehlau (Anschrift wie oben)<\/p>\n<p><strong>Haftungshinweis:<\/strong><\/p>\n<p>Trotz sorgf\u00e4ltiger inhaltlicher Kontrolle \u00fcbernehmen wir keine Haftung f\u00fcr die Inhalte externer Links. F\u00fcr den Inhalt der verlinkten Seiten sind ausschlie\u00dflich deren Betreiber verantwortlich.<\/p>\n<p><strong>Datenschutz:<\/strong><\/p>\n<p>Beim Umgang mit Ihren Daten sind wir um gr\u00f6\u00dftm\u00f6gliche Sicherheit bem\u00fcht. Die Verarbeitung Ihrer Daten erfolgt nach den einschl\u00e4gigen gesetzlichen Regelungen. Wir weisen darauf hin, dass die Daten\u00fcbertragung \u00fcber das Internet derzeit im Wesentlichen ungesichert erfolgt. Es ist nicht ausgeschlossen, dass \u00fcbermittelte Daten von Unbefugten zur Kenntnis genommen und eventuell sogar verf\u00e4lscht werden. In Verbindung mit Ihrem Zugriff werden auf dem Server unseres Providers f\u00fcr Zwecke der Datensicherheit vor\u00fcbergehend Daten gespeichert, die m\u00f6glicherweise eine Identifizierung zulassen (z.B. IP-Adresse, Datum, Uhrzeit und betrachtete Seiten). Eine Auswertung, mit Ausnahme f\u00fcr statistische Zwecke in anonymisierter Form, erfolgt nicht.<\/p>","protected":false},"excerpt":{"rendered":"<p>&nbsp; Verantwortlich f\u00fcr Text und Inhalt (sofern nicht anders angegeben): Gunnar Fehlau Ortelsburger Str. 7 37083 G\u00f6ttingen Germany t: +49-(0)171\/41 55 33 1 e: gf [at] overnighter [dot] de w: www.overnighter.de Verantwortlicher im Sinne des&#8230; <\/p>\n<p class=\"more\"><a class=\"more-link\" href=\"https:\/\/overnighter.de\/en\/impressum\/\">Read More<\/a><\/p>\n","protected":false},"author":36,"featured_media":0,"parent":0,"menu_order":0,"comment_status":"closed","ping_status":"closed","template":"","meta":{"jetpack_post_was_ever_published":false,"footnotes":""},"class_list":["post-103","page","type-page","status-publish","hentry"],"jetpack_shortlink":"https:\/\/wp.me\/P8ejB5-1F","jetpack_sharing_enabled":true,"_links":{"self":[{"href":"https:\/\/overnighter.de\/en\/wp-json\/wp\/v2\/pages\/103","targetHints":{"allow":["GET"]}}],"collection":[{"href":"https:\/\/overnighter.de\/en\/wp-json\/wp\/v2\/pages"}],"about":[{"href":"https:\/\/overnighter.de\/en\/wp-json\/wp\/v2\/types\/page"}],"author":[{"embeddable":true,"href":"https:\/\/overnighter.de\/en\/wp-json\/wp\/v2\/users\/36"}],"replies":[{"embeddable":true,"href":"https:\/\/overnighter.de\/en\/wp-json\/wp\/v2\/comments?post=103"}],"version-history":[{"count":3,"href":"https:\/\/overnighter.de\/en\/wp-json\/wp\/v2\/pages\/103\/revisions"}],"predecessor-version":[{"id":15907,"href":"https:\/\/overnighter.de\/en\/wp-json\/wp\/v2\/pages\/103\/revisions\/15907"}],"wp:attachment":[{"href":"https:\/\/overnighter.de\/en\/wp-json\/wp\/v2\/media?parent=103"}],"curies":[{"name":"wp","href":"https:\/\/api.w.org\/{rel}","templated":true}]}}